{"id":959,"date":"2025-04-17T19:20:13","date_gmt":"2025-04-17T10:20:13","guid":{"rendered":"https:\/\/archibaldesign.com\/testsite\/?page_id=959"},"modified":"2026-02-25T20:37:21","modified_gmt":"2026-02-25T11:37:21","slug":"contact","status":"publish","type":"page","link":"https:\/\/archibaldesign.com\/testsite\/","title":{"rendered":"Contact"},"content":{"rendered":"\t\t<div data-elementor-type=\"wp-page\" data-elementor-id=\"959\" class=\"elementor elementor-959\">\n\t\t\t\t<div class=\"elementor-element elementor-element-200770c e-flex e-con-boxed e-con e-parent\" data-id=\"200770c\" data-element_type=\"container\">\n\t\t\t\t\t<div class=\"e-con-inner\">\n\t\t\t\t<div class=\"elementor-element elementor-element-8006192 elementor-widget elementor-widget-heading\" data-id=\"8006192\" data-element_type=\"widget\" data-widget_type=\"heading.default\">\n\t\t\t\t\t<h3 class=\"elementor-heading-title elementor-size-default\">Az ezen az oldalon bemutatott \u00e9p\u00edt\u00e9szek nem fizettek semmilyen weboldalk\u00e9sz\u00edt\u00e9si d\u00edjat a megb\u00edzott weboldaltervez\u0151knek, ez\u00e9rt szerz\u0151d\u00e9sszeg\u00e9s miatt ez az oldal m\u00e1jusban, amikor a domain lej\u00e1r, t\u00f6rl\u00e9sre ker\u00fcl.[eos]<\/h3>\t\t\t\t<\/div>\n\t\t\t\t<div class=\"elementor-element elementor-element-8dae4e2 elementor-widget elementor-widget-heading\" data-id=\"8dae4e2\" data-element_type=\"widget\" data-widget_type=\"heading.default\">\n\t\t\t\t\t<h3 class=\"elementor-heading-title elementor-size-default\">The architects introduced on this page have not paid the web designers they commissioned to create their websites, so this page will be deleted in this May when the domain expires due to a breach of contract.<\/h3>\t\t\t\t<\/div>\n\t\t\t\t\t<\/div>\n\t\t\t\t<\/div>\n\t\t<div class=\"elementor-element elementor-element-61e85e1 e-con-full e-flex e-con e-parent\" data-id=\"61e85e1\" data-element_type=\"container\">\n\t\t\t\t<div class=\"elementor-element elementor-element-67c3ea0 elementor-widget elementor-widget-text-editor\" data-id=\"67c3ea0\" data-element_type=\"widget\" data-widget_type=\"text-editor.default\">\n\t\t\t\t\t\t\t\t\t<p>Adress<\/p><p>1021 Budapest, Kuruclesi \u00fat 17\/A<\/p><p>Tel +36 20 358 4733<\/p>\t\t\t\t\t\t\t\t<\/div>\n\t\t\t\t<\/div>\n\t\t<div class=\"elementor-element elementor-element-fdd606c e-flex e-con-boxed e-con e-parent\" data-id=\"fdd606c\" data-element_type=\"container\">\n\t\t\t\t\t<div class=\"e-con-inner\">\n\t\t\t\t<div class=\"elementor-element elementor-element-80cbc75 elementor-widget elementor-widget-html\" data-id=\"80cbc75\" data-element_type=\"widget\" data-widget_type=\"html.default\">\n\t\t\t\t\t<iframe src=\"https:\/\/www.google.com\/maps\/embed?pb=!1m18!1m12!1m3!1d2694.3286191154057!2d18.978828076225362!3d47.522464871182166!2m3!1f0!2f0!3f0!3m2!1i1024!2i768!4f13.1!3m3!1m2!1s0x4741ded797f58a19%3A0x34fb227977ecd772!2zQnVkYXBlc3QsIEt1cnVjbGVzaSDDunQgMTdhLCAxMDIxIOODj-ODs-OCrOODquODvA!5e0!3m2!1sja!2sjp!4v1741682409511!5m2!1sja!2sjp\" width=\"600\" height=\"450\" style=\"border:0;\" allowfullscreen=\"\" loading=\"lazy\" referrerpolicy=\"no-referrer-when-downgrade\"><\/iframe>\t\t\t\t<\/div>\n\t\t\t\t\t<\/div>\n\t\t\t\t<\/div>\n\t\t<div class=\"elementor-element elementor-element-3816474 e-flex e-con-boxed e-con e-parent\" data-id=\"3816474\" data-element_type=\"container\">\n\t\t\t\t\t<div class=\"e-con-inner\">\n\t\t\t\t<div class=\"elementor-element elementor-element-ce6ec37 elementor-widget elementor-widget-spacer\" data-id=\"ce6ec37\" data-element_type=\"widget\" data-widget_type=\"spacer.default\">\n\t\t\t\t\t\t\t<div class=\"elementor-spacer\">\n\t\t\t<div class=\"elementor-spacer-inner\"><\/div>\n\t\t<\/div>\n\t\t\t\t\t\t<\/div>\n\t\t\t\t\t<\/div>\n\t\t\t\t<\/div>\n\t\t<div class=\"elementor-element elementor-element-a098d35 e-con-full e-flex e-con e-parent\" data-id=\"a098d35\" data-element_type=\"container\">\n\t\t<div class=\"elementor-element elementor-element-0a93b0b e-con-full e-flex e-con e-child\" data-id=\"0a93b0b\" data-element_type=\"container\">\n\t\t\t\t<div class=\"elementor-element elementor-element-f73dcda elementor-widget elementor-widget-text-editor\" data-id=\"f73dcda\" data-element_type=\"widget\" data-widget_type=\"text-editor.default\">\n\t\t\t\t\t\t\t\t\t<p>Photo Copyright \u00a9Archibal Design 2026\u00a0<\/p>\t\t\t\t\t\t\t\t<\/div>\n\t\t\t\t<\/div>\n\t\t\t\t<\/div>\n\t\t\t\t<\/div>\n\t\t","protected":false},"excerpt":{"rendered":"<p> <span class=\"read-more\"><a class=\"more-link btn btn-transparent\" href=\"https:\/\/archibaldesign.com\/testsite\/\">Read More<\/a><\/span><\/p>\n","protected":false},"author":1,"featured_media":0,"parent":0,"menu_order":0,"comment_status":"closed","ping_status":"closed","template":"elementor_header_footer","meta":{"footnotes":""},"class_list":["post-959","page","type-page","status-publish","hentry"],"jetpack_sharing_enabled":true,"_links":{"self":[{"href":"https:\/\/archibaldesign.com\/testsite\/wp-json\/wp\/v2\/pages\/959","targetHints":{"allow":["GET"]}}],"collection":[{"href":"https:\/\/archibaldesign.com\/testsite\/wp-json\/wp\/v2\/pages"}],"about":[{"href":"https:\/\/archibaldesign.com\/testsite\/wp-json\/wp\/v2\/types\/page"}],"author":[{"embeddable":true,"href":"https:\/\/archibaldesign.com\/testsite\/wp-json\/wp\/v2\/users\/1"}],"replies":[{"embeddable":true,"href":"https:\/\/archibaldesign.com\/testsite\/wp-json\/wp\/v2\/comments?post=959"}],"version-history":[{"count":37,"href":"https:\/\/archibaldesign.com\/testsite\/wp-json\/wp\/v2\/pages\/959\/revisions"}],"predecessor-version":[{"id":1286,"href":"https:\/\/archibaldesign.com\/testsite\/wp-json\/wp\/v2\/pages\/959\/revisions\/1286"}],"wp:attachment":[{"href":"https:\/\/archibaldesign.com\/testsite\/wp-json\/wp\/v2\/media?parent=959"}],"curies":[{"name":"wp","href":"https:\/\/api.w.org\/{rel}","templated":true}]}}